{"id":4417,"date":"2024-04-02T07:57:31","date_gmt":"2024-04-02T07:57:31","guid":{"rendered":"https:\/\/hiretalent.osdevlabs.com\/?page_id=4417"},"modified":"2024-06-04T12:45:15","modified_gmt":"2024-06-04T12:45:15","slug":"terms-of-service","status":"publish","type":"page","link":"https:\/\/hiretalenthr.com\/es\/terms-of-service\/","title":{"rendered":"Condiciones de servicio"},"content":{"rendered":"<div data-elementor-type=\"wp-page\" data-elementor-id=\"4417\" class=\"elementor elementor-4417\" data-elementor-post-type=\"page\">\n\t\t\t\t<div class=\"elementor-element elementor-element-d12195e e-flex e-con-boxed e-con e-parent\" data-id=\"d12195e\" data-element_type=\"container\" data-e-type=\"container\" data-settings=\"{&quot;background_background&quot;:&quot;classic&quot;}\">\n\t\t\t\t\t<div class=\"e-con-inner\">\n\t\t\t\t<div class=\"elementor-element elementor-element-89a57ee elementor-widget elementor-widget-heading\" data-id=\"89a57ee\" data-element_type=\"widget\" data-e-type=\"widget\" data-widget_type=\"heading.default\">\n\t\t\t\t<div class=\"elementor-widget-container\">\n\t\t\t\t\t<h2 class=\"elementor-heading-title elementor-size-default\">T\u00e9rminos de <span style=\"color:#539BA5\">Servicio<\/span><\/h2>\t\t\t\t<\/div>\n\t\t\t\t<\/div>\n\t\t\t\t\t<\/div>\n\t\t\t\t<\/div>\n\t\t<div class=\"elementor-element elementor-element-5404615 e-flex e-con-boxed e-con e-parent\" data-id=\"5404615\" data-element_type=\"container\" data-e-type=\"container\">\n\t\t\t\t\t<div class=\"e-con-inner\">\n\t\t\t\t<div class=\"elementor-element elementor-element-6060f5e elementor-widget elementor-widget-text-editor\" data-id=\"6060f5e\" data-element_type=\"widget\" data-e-type=\"widget\" data-widget_type=\"text-editor.default\">\n\t\t\t\t<div class=\"elementor-widget-container\">\n\t\t\t\t\t\t\t\t\tEstos T\u00e9rminos de servicio (\u201cT\u00e9rminos\u201d) rigen su uso de la plataforma Hire Talent, incluidos sus sitios web, aplicaciones y otros servicios (denominados colectivamente los \u201cServicios\u201d). Al acceder o utilizar los Servicios, usted acepta estar sujeto a estos T\u00e9rminos. Si no est\u00e1 de acuerdo con estos T\u00e9rminos, no acceda ni utilice los Servicios. \t\t\t\t\t\t\t\t<\/div>\n\t\t\t\t<\/div>\n\t\t\t\t<div class=\"elementor-element elementor-element-463e1c4 elementor-widget elementor-widget-heading\" data-id=\"463e1c4\" data-element_type=\"widget\" data-e-type=\"widget\" data-widget_type=\"heading.default\">\n\t\t\t\t<div class=\"elementor-widget-container\">\n\t\t\t\t\t<h2 class=\"elementor-heading-title elementor-size-default\">Aceptaci\u00f3n de esta pol\u00edtica<\/h2>\t\t\t\t<\/div>\n\t\t\t\t<\/div>\n\t\t\t\t<div class=\"elementor-element elementor-element-97a988f elementor-widget elementor-widget-text-editor\" data-id=\"97a988f\" data-element_type=\"widget\" data-e-type=\"widget\" data-widget_type=\"text-editor.default\">\n\t\t\t\t<div class=\"elementor-widget-container\">\n\t\t\t\t\t\t\t\t\tSu uso o acceso a los Servicios constituye su aceptaci\u00f3n de estos T\u00e9rminos. Si no est\u00e1 de acuerdo con estos T\u00e9rminos, no acceda ni utilice los Servicios. \t\t\t\t\t\t\t\t<\/div>\n\t\t\t\t<\/div>\n\t\t\t\t<div class=\"elementor-element elementor-element-9a94a00 elementor-widget elementor-widget-heading\" data-id=\"9a94a00\" data-element_type=\"widget\" data-e-type=\"widget\" data-widget_type=\"heading.default\">\n\t\t\t\t<div class=\"elementor-widget-container\">\n\t\t\t\t\t<h2 class=\"elementor-heading-title elementor-size-default\">Modificaciones a los t\u00e9rminos<\/h2>\t\t\t\t<\/div>\n\t\t\t\t<\/div>\n\t\t\t\t<div class=\"elementor-element elementor-element-3d94142 elementor-widget elementor-widget-text-editor\" data-id=\"3d94142\" data-element_type=\"widget\" data-e-type=\"widget\" data-widget_type=\"text-editor.default\">\n\t\t\t\t<div class=\"elementor-widget-container\">\n\t\t\t\t\t\t\t\t\tHire Talent se reserva el derecho de cambiar, modificar, actualizar, agregar o eliminar partes de estos T\u00e9rminos en cualquier momento. Los T\u00e9rminos nuevos o modificados entrar\u00e1n en vigor inmediatamente despu\u00e9s de su publicaci\u00f3n. Es su responsabilidad revisar estos T\u00e9rminos peri\u00f3dicamente para detectar cualquier cambio. Si contin\u00faa utilizando los Servicios despu\u00e9s de realizar los cambios, significar\u00e1 su aceptaci\u00f3n de los T\u00e9rminos actualizados. \t\t\t\t\t\t\t\t<\/div>\n\t\t\t\t<\/div>\n\t\t\t\t<div class=\"elementor-element elementor-element-5183529 elementor-widget elementor-widget-heading\" data-id=\"5183529\" data-element_type=\"widget\" data-e-type=\"widget\" data-widget_type=\"heading.default\">\n\t\t\t\t<div class=\"elementor-widget-container\">\n\t\t\t\t\t<h2 class=\"elementor-heading-title elementor-size-default\">Conducta del usuario<\/h2>\t\t\t\t<\/div>\n\t\t\t\t<\/div>\n\t\t\t\t<div class=\"elementor-element elementor-element-d24708a elementor-widget elementor-widget-text-editor\" data-id=\"d24708a\" data-element_type=\"widget\" data-e-type=\"widget\" data-widget_type=\"text-editor.default\">\n\t\t\t\t<div class=\"elementor-widget-container\">\n\t\t\t\t\t\t\t\t\tUsted acepta utilizar los Servicios de conformidad con todas las leyes y regulaciones aplicables y estos T\u00e9rminos. Tambi\u00e9n acepta no:\t\t\t\t\t\t\t\t<\/div>\n\t\t\t\t<\/div>\n\t\t\t\t<div class=\"elementor-element elementor-element-472b17f elementor-icon-list--layout-traditional elementor-list-item-link-full_width elementor-widget elementor-widget-icon-list\" data-id=\"472b17f\" data-element_type=\"widget\" data-e-type=\"widget\" data-widget_type=\"icon-list.default\">\n\t\t\t\t<div class=\"elementor-widget-container\">\n\t\t\t\t\t\t\t<ul class=\"elementor-icon-list-items\">\n\t\t\t\t\t\t\t<li class=\"elementor-icon-list-item\">\n\t\t\t\t\t\t\t\t\t\t\t<span class=\"elementor-icon-list-icon\">\n\t\t\t\t\t\t\t<svg xmlns=\"http:\/\/www.w3.org\/2000\/svg\" width=\"32\" height=\"32\" viewbox=\"0 0 32 32\" fill=\"none\"><rect width=\"32\" height=\"32\" rx=\"16\" fill=\"#2E555B\"><\/rect><path d=\"M21.8516 11.6484C22.2071 11.9766 22.2071 12.5508 21.8516 12.8789L14.8516 19.8789C14.5235 20.2344 13.9493 20.2344 13.6212 19.8789L10.1212 16.3789C9.76571 16.0508 9.76571 15.4766 10.1212 15.1484C10.4493 14.793 11.0235 14.793 11.3516 15.1484L14.2501 18.0195L20.6212 11.6484C20.9493 11.293 21.5235 11.293 21.8516 11.6484Z\" fill=\"white\"><\/path><\/svg>\t\t\t\t\t\t<\/span>\n\t\t\t\t\t\t\t\t\t\t<span class=\"elementor-icon-list-text\">Usar los Servicios para cualquier prop\u00f3sito ilegal o no autorizado.<\/span>\n\t\t\t\t\t\t\t\t\t<\/li>\n\t\t\t\t\t\t\t\t<li class=\"elementor-icon-list-item\">\n\t\t\t\t\t\t\t\t\t\t\t<span class=\"elementor-icon-list-icon\">\n\t\t\t\t\t\t\t<svg xmlns=\"http:\/\/www.w3.org\/2000\/svg\" width=\"32\" height=\"32\" viewbox=\"0 0 32 32\" fill=\"none\"><rect width=\"32\" height=\"32\" rx=\"16\" fill=\"#2E555B\"><\/rect><path d=\"M21.8516 11.6484C22.2071 11.9766 22.2071 12.5508 21.8516 12.8789L14.8516 19.8789C14.5235 20.2344 13.9493 20.2344 13.6212 19.8789L10.1212 16.3789C9.76571 16.0508 9.76571 15.4766 10.1212 15.1484C10.4493 14.793 11.0235 14.793 11.3516 15.1484L14.2501 18.0195L20.6212 11.6484C20.9493 11.293 21.5235 11.293 21.8516 11.6484Z\" fill=\"white\"><\/path><\/svg>\t\t\t\t\t\t<\/span>\n\t\t\t\t\t\t\t\t\t\t<span class=\"elementor-icon-list-text\">Hacerse pasar por cualquier persona o entidad o tergiversar su afiliaci\u00f3n con cualquier persona o entidad.<\/span>\n\t\t\t\t\t\t\t\t\t<\/li>\n\t\t\t\t\t\t\t\t<li class=\"elementor-icon-list-item\">\n\t\t\t\t\t\t\t\t\t\t\t<span class=\"elementor-icon-list-icon\">\n\t\t\t\t\t\t\t<svg xmlns=\"http:\/\/www.w3.org\/2000\/svg\" width=\"32\" height=\"32\" viewbox=\"0 0 32 32\" fill=\"none\"><rect width=\"32\" height=\"32\" rx=\"16\" fill=\"#2E555B\"><\/rect><path d=\"M21.8516 11.6484C22.2071 11.9766 22.2071 12.5508 21.8516 12.8789L14.8516 19.8789C14.5235 20.2344 13.9493 20.2344 13.6212 19.8789L10.1212 16.3789C9.76571 16.0508 9.76571 15.4766 10.1212 15.1484C10.4493 14.793 11.0235 14.793 11.3516 15.1484L14.2501 18.0195L20.6212 11.6484C20.9493 11.293 21.5235 11.293 21.8516 11.6484Z\" fill=\"white\"><\/path><\/svg>\t\t\t\t\t\t<\/span>\n\t\t\t\t\t\t\t\t\t\t<span class=\"elementor-icon-list-text\">Interferir o interrumpir el funcionamiento de los Servicios o de cualquier servidor o red conectado a los Servicios. <\/span>\n\t\t\t\t\t\t\t\t\t<\/li>\n\t\t\t\t\t\t\t\t<li class=\"elementor-icon-list-item\">\n\t\t\t\t\t\t\t\t\t\t\t<span class=\"elementor-icon-list-icon\">\n\t\t\t\t\t\t\t<svg xmlns=\"http:\/\/www.w3.org\/2000\/svg\" width=\"32\" height=\"32\" viewbox=\"0 0 32 32\" fill=\"none\"><rect width=\"32\" height=\"32\" rx=\"16\" fill=\"#2E555B\"><\/rect><path d=\"M21.8516 11.6484C22.2071 11.9766 22.2071 12.5508 21.8516 12.8789L14.8516 19.8789C14.5235 20.2344 13.9493 20.2344 13.6212 19.8789L10.1212 16.3789C9.76571 16.0508 9.76571 15.4766 10.1212 15.1484C10.4493 14.793 11.0235 14.793 11.3516 15.1484L14.2501 18.0195L20.6212 11.6484C20.9493 11.293 21.5235 11.293 21.8516 11.6484Z\" fill=\"white\"><\/path><\/svg>\t\t\t\t\t\t<\/span>\n\t\t\t\t\t\t\t\t\t\t<span class=\"elementor-icon-list-text\">Intentar obtener acceso no autorizado a cualquier parte de los Servicios o cualquier otro sistema o red conectado a los Servicios. <\/span>\n\t\t\t\t\t\t\t\t\t<\/li>\n\t\t\t\t\t\t\t\t<li class=\"elementor-icon-list-item\">\n\t\t\t\t\t\t\t\t\t\t\t<span class=\"elementor-icon-list-icon\">\n\t\t\t\t\t\t\t<svg xmlns=\"http:\/\/www.w3.org\/2000\/svg\" width=\"32\" height=\"32\" viewbox=\"0 0 32 32\" fill=\"none\"><rect width=\"32\" height=\"32\" rx=\"16\" fill=\"#2E555B\"><\/rect><path d=\"M21.8516 11.6484C22.2071 11.9766 22.2071 12.5508 21.8516 12.8789L14.8516 19.8789C14.5235 20.2344 13.9493 20.2344 13.6212 19.8789L10.1212 16.3789C9.76571 16.0508 9.76571 15.4766 10.1212 15.1484C10.4493 14.793 11.0235 14.793 11.3516 15.1484L14.2501 18.0195L20.6212 11.6484C20.9493 11.293 21.5235 11.293 21.8516 11.6484Z\" fill=\"white\"><\/path><\/svg>\t\t\t\t\t\t<\/span>\n\t\t\t\t\t\t\t\t\t\t<span class=\"elementor-icon-list-text\">Participar en cualquier actividad que pueda da\u00f1ar, deshabilitar, sobrecargar o perjudicar los Servicios o interferir con el uso y disfrute de los Servicios por parte de terceros.<\/span>\n\t\t\t\t\t\t\t\t\t<\/li>\n\t\t\t\t\t\t<\/ul>\n\t\t\t\t\t\t<\/div>\n\t\t\t\t<\/div>\n\t\t\t\t<div class=\"elementor-element elementor-element-6d0abed elementor-widget elementor-widget-heading\" data-id=\"6d0abed\" data-element_type=\"widget\" data-e-type=\"widget\" data-widget_type=\"heading.default\">\n\t\t\t\t<div class=\"elementor-widget-container\">\n\t\t\t\t\t<h2 class=\"elementor-heading-title elementor-size-default\">Derechos de propiedad intelectual<\/h2>\t\t\t\t<\/div>\n\t\t\t\t<\/div>\n\t\t\t\t<div class=\"elementor-element elementor-element-d2a01ee elementor-widget elementor-widget-text-editor\" data-id=\"d2a01ee\" data-element_type=\"widget\" data-e-type=\"widget\" data-widget_type=\"text-editor.default\">\n\t\t\t\t<div class=\"elementor-widget-container\">\n\t\t\t\t\t\t\t\t\tEl contenido, los logotipos, las marcas comerciales y otra propiedad intelectual que se muestran en la plataforma Hire Talent son propiedad de Hire Talent o sus licenciantes y est\u00e1n protegidos por derechos de autor, marcas comerciales y otras leyes de propiedad intelectual. Acepta no utilizar, copiar, reproducir, modificar ni distribuir ning\u00fan contenido de los Servicios sin el consentimiento previo por escrito de Hire Talent. \t\t\t\t\t\t\t\t<\/div>\n\t\t\t\t<\/div>\n\t\t\t\t<div class=\"elementor-element elementor-element-f8ab3fb elementor-widget elementor-widget-heading\" data-id=\"f8ab3fb\" data-element_type=\"widget\" data-e-type=\"widget\" data-widget_type=\"heading.default\">\n\t\t\t\t<div class=\"elementor-widget-container\">\n\t\t\t\t\t<h2 class=\"elementor-heading-title elementor-size-default\">Terminaci\u00f3n<\/h2>\t\t\t\t<\/div>\n\t\t\t\t<\/div>\n\t\t\t\t<div class=\"elementor-element elementor-element-e6efa83 elementor-widget elementor-widget-text-editor\" data-id=\"e6efa83\" data-element_type=\"widget\" data-e-type=\"widget\" data-widget_type=\"text-editor.default\">\n\t\t\t\t<div class=\"elementor-widget-container\">\n\t\t\t\t\t\t\t\t\tNos reservamos el derecho de cancelar o suspender su acceso a los Servicios en cualquier momento, con o sin causa, y sin previo aviso. Tras la rescisi\u00f3n, debe dejar de utilizar los Servicios y cualquier contenido o material asociado.\t\t\t\t\t\t\t\t<\/div>\n\t\t\t\t<\/div>\n\t\t\t\t<div class=\"elementor-element elementor-element-24a0c68 elementor-widget elementor-widget-heading\" data-id=\"24a0c68\" data-element_type=\"widget\" data-e-type=\"widget\" data-widget_type=\"heading.default\">\n\t\t\t\t<div class=\"elementor-widget-container\">\n\t\t\t\t\t<h2 class=\"elementor-heading-title elementor-size-default\">Renuncia de garant\u00edas<\/h2>\t\t\t\t<\/div>\n\t\t\t\t<\/div>\n\t\t\t\t<div class=\"elementor-element elementor-element-0b32c43 elementor-widget elementor-widget-text-editor\" data-id=\"0b32c43\" data-element_type=\"widget\" data-e-type=\"widget\" data-widget_type=\"text-editor.default\">\n\t\t\t\t<div class=\"elementor-widget-container\">\n\t\t\t\t\t\t\t\t\tLos Servicios se proporcionan &quot;tal cual&quot; y &quot;seg\u00fan disponibilidad&quot;, sin garant\u00edas de ning\u00fan tipo, expresas o impl\u00edcitas. Hire Talent no hace ninguna declaraci\u00f3n ni garant\u00eda con respecto a la precisi\u00f3n, confiabilidad, integridad o puntualidad de los Servicios o cualquier contenido de los mismos.\t\t\t\t\t\t\t\t<\/div>\n\t\t\t\t<\/div>\n\t\t\t\t<div class=\"elementor-element elementor-element-bbaa709 elementor-widget elementor-widget-heading\" data-id=\"bbaa709\" data-element_type=\"widget\" data-e-type=\"widget\" data-widget_type=\"heading.default\">\n\t\t\t\t<div class=\"elementor-widget-container\">\n\t\t\t\t\t<h2 class=\"elementor-heading-title elementor-size-default\">Limitaci\u00f3n de responsabilidad<\/h2>\t\t\t\t<\/div>\n\t\t\t\t<\/div>\n\t\t\t\t<div class=\"elementor-element elementor-element-18ad198 elementor-widget elementor-widget-text-editor\" data-id=\"18ad198\" data-element_type=\"widget\" data-e-type=\"widget\" data-widget_type=\"text-editor.default\">\n\t\t\t\t<div class=\"elementor-widget-container\">\n\t\t\t\t\t\t\t\t\tEn ning\u00fan caso Hire Talent ser\u00e1 responsable de ning\u00fan da\u00f1o indirecto, incidental, especial, consecuente o punitivo que surja de o est\u00e9 relacionado con su uso de los Servicios, incluso si Hire Talent ha sido advertido de la posibilidad de dichos da\u00f1os.\t\t\t\t\t\t\t\t<\/div>\n\t\t\t\t<\/div>\n\t\t\t\t<div class=\"elementor-element elementor-element-4003f05 elementor-widget elementor-widget-heading\" data-id=\"4003f05\" data-element_type=\"widget\" data-e-type=\"widget\" data-widget_type=\"heading.default\">\n\t\t\t\t<div class=\"elementor-widget-container\">\n\t\t\t\t\t<h2 class=\"elementor-heading-title elementor-size-default\">Ley que rige<\/h2>\t\t\t\t<\/div>\n\t\t\t\t<\/div>\n\t\t\t\t<div class=\"elementor-element elementor-element-3e8d59f elementor-widget elementor-widget-text-editor\" data-id=\"3e8d59f\" data-element_type=\"widget\" data-e-type=\"widget\" data-widget_type=\"text-editor.default\">\n\t\t\t\t<div class=\"elementor-widget-container\">\n\t\t\t\t\t\t\t\t\t<p>Estos T\u00e9rminos se regir\u00e1n e interpretar\u00e1n de acuerdo con las leyes de los Estados Unidos. Cualquier disputa que surja de estos T\u00e9rminos o los Servicios o se relacione con ellos estar\u00e1 sujeta a la jurisdicci\u00f3n exclusiva de los tribunales de los Estados Unidos.<\/p>\t\t\t\t\t\t\t\t<\/div>\n\t\t\t\t<\/div>\n\t\t\t\t<div class=\"elementor-element elementor-element-de380b8 elementor-widget elementor-widget-heading\" data-id=\"de380b8\" data-element_type=\"widget\" data-e-type=\"widget\" data-widget_type=\"heading.default\">\n\t\t\t\t<div class=\"elementor-widget-container\">\n\t\t\t\t\t<h2 class=\"elementor-heading-title elementor-size-default\">Cont\u00e1ctenos<\/h2>\t\t\t\t<\/div>\n\t\t\t\t<\/div>\n\t\t\t\t<div class=\"elementor-element elementor-element-c2a7d83 elementor-widget elementor-widget-text-editor\" data-id=\"c2a7d83\" data-element_type=\"widget\" data-e-type=\"widget\" data-widget_type=\"text-editor.default\">\n\t\t\t\t<div class=\"elementor-widget-container\">\n\t\t\t\t\t\t\t\t\tSi tiene alguna pregunta, inquietud o comentario sobre estos T\u00e9rminos o nuestros servicios, comun\u00edquese con nosotros en <a href=\"mailto:hireus@hiretalenthr.com\">contratarus@hiretalenthr.com<\/a>\t\t\t\t\t\t\t\t<\/div>\n\t\t\t\t<\/div>\n\t\t\t\t\t<\/div>\n\t\t\t\t<\/div>\n\t\t\t\t<\/div>","protected":false},"excerpt":{"rendered":"<p>Condiciones de servicio Estas Condiciones de servicio (\u201cCondiciones\u201d) rigen el uso de la plataforma Hire Talent, incluidos sus sitios web, aplicaciones y otros servicios (en conjunto, los \u201cServicios\u201d). Al acceder o utilizar los Servicios, usted acepta estar sujeto a estas Condiciones. Si no acepta estas Condiciones, no acceda [\u2026]<\/p>","protected":false},"author":1,"featured_media":0,"parent":0,"menu_order":0,"comment_status":"closed","ping_status":"closed","template":"elementor_header_footer","meta":{"footnotes":""},"class_list":["post-4417","page","type-page","status-publish","hentry"],"_links":{"self":[{"href":"https:\/\/hiretalenthr.com\/es\/wp-json\/wp\/v2\/pages\/4417","targetHints":{"allow":["GET"]}}],"collection":[{"href":"https:\/\/hiretalenthr.com\/es\/wp-json\/wp\/v2\/pages"}],"about":[{"href":"https:\/\/hiretalenthr.com\/es\/wp-json\/wp\/v2\/types\/page"}],"author":[{"embeddable":true,"href":"https:\/\/hiretalenthr.com\/es\/wp-json\/wp\/v2\/users\/1"}],"replies":[{"embeddable":true,"href":"https:\/\/hiretalenthr.com\/es\/wp-json\/wp\/v2\/comments?post=4417"}],"version-history":[{"count":21,"href":"https:\/\/hiretalenthr.com\/es\/wp-json\/wp\/v2\/pages\/4417\/revisions"}],"predecessor-version":[{"id":7912,"href":"https:\/\/hiretalenthr.com\/es\/wp-json\/wp\/v2\/pages\/4417\/revisions\/7912"}],"wp:attachment":[{"href":"https:\/\/hiretalenthr.com\/es\/wp-json\/wp\/v2\/media?parent=4417"}],"curies":[{"name":"wp","href":"https:\/\/api.w.org\/{rel}","templated":true}]}}